{"id":36,"date":"2019-09-10T11:39:39","date_gmt":"2019-09-10T09:39:39","guid":{"rendered":"https:\/\/www.irisbilan.fr\/?page_id=36"},"modified":"2025-07-17T11:28:17","modified_gmt":"2025-07-17T09:28:17","slug":"contact-iribilan","status":"publish","type":"page","link":"https:\/\/www.irisbilan.fr\/index.php\/contact-iribilan\/","title":{"rendered":"Contact"},"content":{"rendered":"<p style=\"text-align: center;\">Toutes les informations pratiques pour me contacter : le cabinet est ouvert du lundi au vendredi de 9h \u00e0 19h.<\/p>\n<h3 style=\"text-align: center;\"><span style=\"color: #800080;\"><strong>Sylvie BEGUIN &#8211; 32 Avenue Albert 1er\u00a0&#8211;\u00a0<\/strong><\/span><\/h3>\n<h3 style=\"text-align: center;\"><span style=\"color: #800080;\"><strong>92500 RUEIL MALMAISON<\/strong><\/span><\/h3>\n<h3 style=\"text-align: center;\"><span style=\"color: #800080;\">Centre de bilan de comp\u00e9tences IrisBilan<\/span><\/h3>\n<p><img loading=\"lazy\" decoding=\"async\" class=\"alignnone size-medium wp-image-203519 aligncenter\" src=\"https:\/\/www.irisbilan.fr\/wp-content\/uploads\/2024\/01\/Logo-CBC-300x115.jpg\" alt=\"\" width=\"300\" height=\"115\" srcset=\"https:\/\/www.irisbilan.fr\/wp-content\/uploads\/2024\/01\/Logo-CBC-300x115.jpg 300w, https:\/\/www.irisbilan.fr\/wp-content\/uploads\/2024\/01\/Logo-CBC-1024x391.jpg 1024w, https:\/\/www.irisbilan.fr\/wp-content\/uploads\/2024\/01\/Logo-CBC-768x293.jpg 768w, https:\/\/www.irisbilan.fr\/wp-content\/uploads\/2024\/01\/Logo-CBC.jpg 1280w\" sizes=\"auto, (max-width: 300px) 100vw, 300px\" \/><\/p>\n<p>&nbsp;<\/p>\n<p>&nbsp;<\/p>\n<p>Modalit\u00e9s et d\u00e9lais d&rsquo;acc\u00e8s au bilan de comp\u00e9tences :<\/p>\n<ul>\n<li style=\"text-align: left;\"><strong>un entretien pr\u00e9liminaire gratuit est propos\u00e9, an centre ou en visio \u00e0 votre convenance, <\/strong>pour faire le point sur votre besoin et me permettre de vous faire une proposition personnalis\u00e9e en terme de contenu et de prix.<\/li>\n<li>pour prendre rendez-vous, vous pouvez utiliser mon agenda en ligne ou bien m&rsquo;appeler au t\u00e9l\u00e9phone, ou m\u00eame envoyer un message par mail ou par le formulaire ci-dessous<\/li>\n<li>je m&rsquo;engage \u00e0 vous r\u00e9pondre dans les 24 heures et vous recevrai dans les meilleurs d\u00e9lais.<\/li>\n<li>A l&rsquo;issue de l&rsquo;entretien pr\u00e9liminaire, si vous souhaitez r\u00e9aliser votre bilan de comp\u00e9tences avec notre centre, le d\u00e9lai minimum pour d\u00e9marrer la prestation est de 15 jours, d\u00e9lai variable en fonction de votre mode de financement (CPF, employeur, P\u00f4le Emploi ou financement personnel).<\/li>\n<\/ul>\n<h3 style=\"text-align: center;\"><span style=\"color: #800080;\"><strong>Contact IRISBILAN : 06.84.05.08.26 &#8211; <\/strong><a href=\"mailto:sylviebeguin@irisbilan.fr\" target=\"_blank\" rel=\"noopener noreferrer\">sylviebeguin@irisbilan.fr<\/a><\/span><\/h3>\n<p><img loading=\"lazy\" decoding=\"async\" class=\"alignleft wp-image-804 size-medium\" title=\"consultation psychologue\" src=\"http:\/\/irisaccompagnement.fr\/wp-content\/uploads\/2016\/07\/conversation-1262311_960_720-1-300x267.png\" alt=\"psychologue sophrologue rueil\" width=\"300\" height=\"267\" \/><\/p>\n<p>&nbsp;<\/p>\n<ul>\n<li>RER A \u00a0: station Rueil Malmaison (700m)<\/li>\n<li>Arr\u00eats de bus Baudin\u00a0: lignes\u00a0144, 241, 244, 467<\/li>\n<li>Arr\u00eat de bus Albert 1er : lignes 144, 244, 467<\/li>\n<\/ul>\n<p>&nbsp;<\/p>\n<p>&nbsp;<\/p>\n<p><a href=\"http:\/\/u.osmfr.org\/m\/249258\/\" target=\"_blank\" rel=\"noopener noreferrer\">Visualiser o\u00f9 se situe mon cabinet \u00e0 Rueil Malmaison<\/a><\/p>\n<p>Le cabinet est situ\u00e9 \u00e0 proximit\u00e9 de St Germain en Laye (10 mn par RER A), de la D\u00e9fense (10 mn), de Paris Centre (15mn).<\/p>\n<p>Ou si vous pr\u00e9f\u00e9rez, vous pouvez d&rsquo;abord remplir ce formulaire de contact :<\/p>\n<div class=\"frm_forms  with_frm_style frm_style_style-formidable\" id=\"frm_form_1_container\" >\n<form enctype=\"multipart\/form-data\" method=\"post\" class=\"frm-show-form \" id=\"form_contact-form\" >\n<div class=\"frm_form_fields \">\n<fieldset>\n<legend class=\"frm_screen_reader\">Formulaire de contact<\/legend>\r\n<h3 class=\"frm_form_title\">Formulaire de contact<\/h3>\r\n<div class=\"frm_description\"><p>Je m'engage \u00e0 vous r\u00e9pondre dans les 48 heures. Merci pour votre message<\/p>\n<\/div><div class=\"frm_fields_container\">\n<input type=\"hidden\" name=\"frm_action\" value=\"create\" \/>\n<input type=\"hidden\" name=\"form_id\" value=\"1\" \/>\n<input type=\"hidden\" name=\"frm_hide_fields_1\" id=\"frm_hide_fields_1\" value=\"\" \/>\n<input type=\"hidden\" name=\"form_key\" value=\"contact-form\" \/>\n<input type=\"hidden\" name=\"item_meta[0]\" value=\"\" \/>\n<input type=\"hidden\" id=\"frm_submit_entry_1\" name=\"frm_submit_entry_1\" value=\"88bb3daafd\" \/><input type=\"hidden\" name=\"_wp_http_referer\" value=\"\/index.php\/wp-json\/wp\/v2\/pages\/36\" \/><div id=\"frm_field_1_container\" class=\"frm_form_field form-field  frm_required_field frm_top_container frm_first frm_half\">\r\n    <label for=\"field_qh4icy\" id=\"field_qh4icy_label\" class=\"frm_primary_label\">Nom\r\n        <span class=\"frm_required\">*<\/span>\r\n    <\/label>\r\n    <input type=\"text\" id=\"field_qh4icy\" name=\"item_meta[1]\" value=\"\"  data-reqmsg=\"Ce champ ne peut pas \u00eatre vide\" aria-required=\"true\" data-invmsg=\"Name est non valide\" aria-invalid=\"false\"   aria-describedby=\"frm_desc_field_qh4icy\"\/>\r\n    <div class=\"frm_description\" id=\"frm_desc_field_qh4icy\">Nom<\/div>\r\n    \r\n<\/div>\n<div id=\"frm_field_2_container\" class=\"frm_form_field form-field  frm_required_field frm_hidden_container frm_half\">\r\n    <label for=\"field_ocfup1\" id=\"field_ocfup1_label\" class=\"frm_primary_label\">Pr\u00e9nom\r\n        <span class=\"frm_required\">*<\/span>\r\n    <\/label>\r\n    <input type=\"text\" id=\"field_ocfup1\" name=\"item_meta[2]\" value=\"\"  data-reqmsg=\"Ce champ ne peut pas \u00eatre vide\" aria-required=\"true\" data-invmsg=\"Last est non valide\" aria-invalid=\"false\"   aria-describedby=\"frm_desc_field_ocfup1\"\/>\r\n    <div class=\"frm_description\" id=\"frm_desc_field_ocfup1\">Pr\u00e9nom<\/div>\r\n    \r\n<\/div>\n<div id=\"frm_field_3_container\" class=\"frm_form_field form-field  frm_required_field frm_top_container frm_full\">\r\n    <label for=\"field_29yf4d\" id=\"field_29yf4d_label\" class=\"frm_primary_label\">Email\r\n        <span class=\"frm_required\">*<\/span>\r\n    <\/label>\r\n    <input type=\"email\" id=\"field_29yf4d\" name=\"item_meta[3]\" value=\"\"  data-reqmsg=\"Ce champ ne peut pas \u00eatre vide\" aria-required=\"true\" data-invmsg=\"Please enter a valid email address\" aria-invalid=\"false\"  \/>\r\n    \r\n    \r\n<\/div>\n<div id=\"frm_field_6_container\" class=\"frm_form_field form-field  frm_top_container\">\r\n    <label for=\"field_kvf74\" id=\"field_kvf74_label\" class=\"frm_primary_label\">T\u00e9l\u00e9phone\r\n        <span class=\"frm_required\"><\/span>\r\n    <\/label>\r\n    <input type=\"tel\" id=\"field_kvf74\" name=\"item_meta[6]\" value=\"\"  data-invmsg=\"Phone est non valide\" aria-invalid=\"false\" pattern=\"((\\+\\d{1,3}(-|.| )?\\(?\\d\\)?(-| |.)?\\d{1,5})|(\\(?\\d{2,6}\\)?))(-|.| )?(\\d{3,4})(-|.| )?(\\d{4})(( x| ext)\\d{1,5}){0,1}$\"  \/>\r\n    \r\n    \r\n<\/div>\n<div id=\"frm_field_4_container\" class=\"frm_form_field form-field  frm_required_field frm_top_container frm_full\">\r\n    <label for=\"field_e6lis6\" id=\"field_e6lis6_label\" class=\"frm_primary_label\">Sujet\r\n        <span class=\"frm_required\">*<\/span>\r\n    <\/label>\r\n    <input type=\"text\" id=\"field_e6lis6\" name=\"item_meta[4]\" value=\"\"  data-reqmsg=\"Ce champ ne peut pas \u00eatre vide\" aria-required=\"true\" data-invmsg=\"Subject est non valide\" aria-invalid=\"false\"  \/>\r\n    \r\n    \r\n<\/div>\n<div id=\"frm_field_5_container\" class=\"frm_form_field form-field  frm_required_field frm_top_container frm_full\">\r\n    <label for=\"field_9jv0r1\" id=\"field_9jv0r1_label\" class=\"frm_primary_label\">Message\r\n        <span class=\"frm_required\">*<\/span>\r\n    <\/label>\r\n    <textarea name=\"item_meta[5]\" id=\"field_9jv0r1\" rows=\"5\"  data-reqmsg=\"Ce champ ne peut pas \u00eatre vide\" aria-required=\"true\" data-invmsg=\"Message est non valide\" aria-invalid=\"false\"  ><\/textarea>\r\n    \r\n    \r\n<\/div>\n\t<input type=\"hidden\" name=\"item_key\" value=\"\" \/>\n\t\t\t<div id=\"frm_field_7_container\">\n\t\t\t<label for=\"field_ag5tb\" >\n\t\t\t\tSi vous \u00eates un humain, ne remplissez pas ce champ.\t\t\t<\/label>\n\t\t\t<input  id=\"field_ag5tb\" type=\"text\" class=\"frm_form_field form-field frm_verify\" name=\"item_meta[7]\" value=\"\"  \/>\n\t\t<\/div>\n\t\t<input name=\"frm_state\" type=\"hidden\" value=\"64I\/E\/pOfgLOgTqn6IexYPbdkYBO6EWT3\/l4Ewxyrjw=\" \/><div class=\"frm_submit\">\r\n\r\n<button class=\"frm_button_submit\" type=\"submit\"  >Envoyer<\/button>\r\n\r\n<\/div><\/div>\n<\/fieldset>\n<\/div>\n\n<p style=\"display: none !important;\" class=\"akismet-fields-container\" data-prefix=\"ak_\"><label>&#916;<textarea name=\"ak_hp_textarea\" cols=\"45\" rows=\"8\" maxlength=\"100\"><\/textarea><\/label><input type=\"hidden\" id=\"ak_js_1\" name=\"ak_js\" value=\"12\"\/><script>document.getElementById( \"ak_js_1\" ).setAttribute( \"value\", ( new Date() ).getTime() );<\/script><\/p><\/form>\n<\/div>\n\n<p><em>Donn\u00e9es personnelles<\/em><\/p>\n<p><em>Sylvie BEGUIN traite les donn\u00e9es recueillies pour r\u00e9pondre \u00e0 votre demande.<\/em><\/p>\n<p><em>Pour en savoir plus sur la gestion de vos donn\u00e9es personnelles et pour exercer vos droits, reportez-vous \u00e0 notre <a href=\"https:\/\/www.irisbilan.fr\/index.php\/politique-de-confidentialite\/\" target=\"_blank\" rel=\"noopener\">politique de confidentialit\u00e9.<\/a><\/em><\/p>\n","protected":false},"excerpt":{"rendered":"<p>Toutes les informations pratiques pour me contacter : le cabinet est ouvert du lundi au vendredi de 9h \u00e0 19h. Sylvie BEGUIN &#8211; 32 Avenue Albert 1er\u00a0&#8211;\u00a0 92500 RUEIL MALMAISON Centre de bilan de comp\u00e9tences IrisBilan &nbsp; &nbsp; Modalit\u00e9s et d\u00e9lais d&rsquo;acc\u00e8s au bilan de comp\u00e9tences : un entretien pr\u00e9liminaire gratuit est propos\u00e9, an centre &hellip; <\/p>\n<p class=\"link-more\"><a href=\"https:\/\/www.irisbilan.fr\/index.php\/contact-iribilan\/\" class=\"more-link\">Continuer la lecture<span class=\"screen-reader-text\"> de &laquo;&nbsp;Contact&nbsp;&raquo;<\/span><\/a><\/p>\n","protected":false},"author":1,"featured_media":0,"parent":0,"menu_order":0,"comment_status":"closed","ping_status":"closed","template":"","meta":{"footnotes":""},"class_list":["post-36","page","type-page","status-publish","hentry"],"yoast_head":"<!-- This site is optimized with the Yoast SEO plugin v26.0 - https:\/\/yoast.com\/wordpress\/plugins\/seo\/ -->\n<title>Contact - Centre de bilan de comp\u00e9tences IrisBilan - Sylvie BEGUIN<\/title>\n<meta name=\"description\" content=\"Page contact IRISBILAN : pour obtenir des informations sur le bilan de comp\u00e9tences, prendre rendez-vous pour un entretien pr\u00e9liminaire gratuit.\" \/>\n<meta name=\"robots\" content=\"index, follow, max-snippet:-1, max-image-preview:large, max-video-preview:-1\" \/>\n<link rel=\"canonical\" href=\"https:\/\/www.irisbilan.fr\/index.php\/contact-iribilan\/\" \/>\n<meta property=\"og:locale\" content=\"fr_FR\" \/>\n<meta property=\"og:type\" content=\"article\" \/>\n<meta property=\"og:title\" content=\"Contact - Centre de bilan de comp\u00e9tences IrisBilan - Sylvie BEGUIN\" \/>\n<meta property=\"og:description\" content=\"Page contact IRISBILAN : pour obtenir des informations sur le bilan de comp\u00e9tences, prendre rendez-vous pour un entretien pr\u00e9liminaire gratuit.\" \/>\n<meta property=\"og:url\" content=\"https:\/\/www.irisbilan.fr\/index.php\/contact-iribilan\/\" \/>\n<meta property=\"og:site_name\" content=\"Centre de bilan de comp\u00e9tences IrisBilan\" \/>\n<meta property=\"article:publisher\" content=\"https:\/\/www.facebook.com\/beguin.sylvie\/\" \/>\n<meta property=\"article:modified_time\" content=\"2025-07-17T09:28:17+00:00\" \/>\n<meta property=\"og:image\" content=\"https:\/\/www.irisbilan.fr\/wp-content\/uploads\/2024\/01\/Logo-CBC.jpg\" \/>\n\t<meta property=\"og:image:width\" content=\"1280\" \/>\n\t<meta property=\"og:image:height\" content=\"489\" \/>\n\t<meta property=\"og:image:type\" content=\"image\/jpeg\" \/>\n<meta name=\"twitter:card\" content=\"summary_large_image\" \/>\n<meta name=\"twitter:label1\" content=\"Dur\u00e9e de lecture estim\u00e9e\" \/>\n\t<meta name=\"twitter:data1\" content=\"2 minutes\" \/>\n<script type=\"application\/ld+json\" class=\"yoast-schema-graph\">{\"@context\":\"https:\/\/schema.org\",\"@graph\":[{\"@type\":\"WebPage\",\"@id\":\"https:\/\/www.irisbilan.fr\/index.php\/contact-iribilan\/\",\"url\":\"https:\/\/www.irisbilan.fr\/index.php\/contact-iribilan\/\",\"name\":\"Contact - Centre de bilan de comp\u00e9tences IrisBilan - Sylvie BEGUIN\",\"isPartOf\":{\"@id\":\"https:\/\/www.irisbilan.fr\/#website\"},\"primaryImageOfPage\":{\"@id\":\"https:\/\/www.irisbilan.fr\/index.php\/contact-iribilan\/#primaryimage\"},\"image\":{\"@id\":\"https:\/\/www.irisbilan.fr\/index.php\/contact-iribilan\/#primaryimage\"},\"thumbnailUrl\":\"https:\/\/www.irisbilan.fr\/wp-content\/uploads\/2024\/01\/Logo-CBC-300x115.jpg\",\"datePublished\":\"2019-09-10T09:39:39+00:00\",\"dateModified\":\"2025-07-17T09:28:17+00:00\",\"description\":\"Page contact IRISBILAN : pour obtenir des informations sur le bilan de comp\u00e9tences, prendre rendez-vous pour un entretien pr\u00e9liminaire gratuit.\",\"breadcrumb\":{\"@id\":\"https:\/\/www.irisbilan.fr\/index.php\/contact-iribilan\/#breadcrumb\"},\"inLanguage\":\"fr-FR\",\"potentialAction\":[{\"@type\":\"ReadAction\",\"target\":[\"https:\/\/www.irisbilan.fr\/index.php\/contact-iribilan\/\"]}]},{\"@type\":\"ImageObject\",\"inLanguage\":\"fr-FR\",\"@id\":\"https:\/\/www.irisbilan.fr\/index.php\/contact-iribilan\/#primaryimage\",\"url\":\"https:\/\/www.irisbilan.fr\/wp-content\/uploads\/2024\/01\/Logo-CBC.jpg\",\"contentUrl\":\"https:\/\/www.irisbilan.fr\/wp-content\/uploads\/2024\/01\/Logo-CBC.jpg\",\"width\":1280,\"height\":489},{\"@type\":\"BreadcrumbList\",\"@id\":\"https:\/\/www.irisbilan.fr\/index.php\/contact-iribilan\/#breadcrumb\",\"itemListElement\":[{\"@type\":\"ListItem\",\"position\":1,\"name\":\"Accueil\",\"item\":\"https:\/\/www.irisbilan.fr\/\"},{\"@type\":\"ListItem\",\"position\":2,\"name\":\"Contact\"}]},{\"@type\":\"WebSite\",\"@id\":\"https:\/\/www.irisbilan.fr\/#website\",\"url\":\"https:\/\/www.irisbilan.fr\/\",\"name\":\"Centre de bilan de comp\u00e9tences IrisBilan Rueil\",\"description\":\"Une m\u00e9thode \u00e9prouv\u00e9e et adapt\u00e9e \u00e0 chaque histoire de vie professionnelle !\",\"publisher\":{\"@id\":\"https:\/\/www.irisbilan.fr\/#organization\"},\"potentialAction\":[{\"@type\":\"SearchAction\",\"target\":{\"@type\":\"EntryPoint\",\"urlTemplate\":\"https:\/\/www.irisbilan.fr\/?s={search_term_string}\"},\"query-input\":{\"@type\":\"PropertyValueSpecification\",\"valueRequired\":true,\"valueName\":\"search_term_string\"}}],\"inLanguage\":\"fr-FR\"},{\"@type\":\"Organization\",\"@id\":\"https:\/\/www.irisbilan.fr\/#organization\",\"name\":\"BEGUIN SYLVIE\",\"url\":\"https:\/\/www.irisbilan.fr\/\",\"logo\":{\"@type\":\"ImageObject\",\"inLanguage\":\"fr-FR\",\"@id\":\"https:\/\/www.irisbilan.fr\/#\/schema\/logo\/image\/\",\"url\":\"https:\/\/www.irisbilan.fr\/wp-content\/uploads\/2019\/09\/cropped-IRIS-PETIT.jpg\",\"contentUrl\":\"https:\/\/www.irisbilan.fr\/wp-content\/uploads\/2019\/09\/cropped-IRIS-PETIT.jpg\",\"width\":240,\"height\":98,\"caption\":\"BEGUIN SYLVIE\"},\"image\":{\"@id\":\"https:\/\/www.irisbilan.fr\/#\/schema\/logo\/image\/\"},\"sameAs\":[\"https:\/\/www.facebook.com\/beguin.sylvie\/\",\"https:\/\/www.linkedin.com\/showcase\/11126319\"]}]}<\/script>\n<!-- \/ Yoast SEO plugin. -->","yoast_head_json":{"title":"Contact - Centre de bilan de comp\u00e9tences IrisBilan - Sylvie BEGUIN","description":"Page contact IRISBILAN : pour obtenir des informations sur le bilan de comp\u00e9tences, prendre rendez-vous pour un entretien pr\u00e9liminaire gratuit.","robots":{"index":"index","follow":"follow","max-snippet":"max-snippet:-1","max-image-preview":"max-image-preview:large","max-video-preview":"max-video-preview:-1"},"canonical":"https:\/\/www.irisbilan.fr\/index.php\/contact-iribilan\/","og_locale":"fr_FR","og_type":"article","og_title":"Contact - Centre de bilan de comp\u00e9tences IrisBilan - Sylvie BEGUIN","og_description":"Page contact IRISBILAN : pour obtenir des informations sur le bilan de comp\u00e9tences, prendre rendez-vous pour un entretien pr\u00e9liminaire gratuit.","og_url":"https:\/\/www.irisbilan.fr\/index.php\/contact-iribilan\/","og_site_name":"Centre de bilan de comp\u00e9tences IrisBilan","article_publisher":"https:\/\/www.facebook.com\/beguin.sylvie\/","article_modified_time":"2025-07-17T09:28:17+00:00","og_image":[{"width":1280,"height":489,"url":"https:\/\/www.irisbilan.fr\/wp-content\/uploads\/2024\/01\/Logo-CBC.jpg","type":"image\/jpeg"}],"twitter_card":"summary_large_image","twitter_misc":{"Dur\u00e9e de lecture estim\u00e9e":"2 minutes"},"schema":{"@context":"https:\/\/schema.org","@graph":[{"@type":"WebPage","@id":"https:\/\/www.irisbilan.fr\/index.php\/contact-iribilan\/","url":"https:\/\/www.irisbilan.fr\/index.php\/contact-iribilan\/","name":"Contact - Centre de bilan de comp\u00e9tences IrisBilan - Sylvie BEGUIN","isPartOf":{"@id":"https:\/\/www.irisbilan.fr\/#website"},"primaryImageOfPage":{"@id":"https:\/\/www.irisbilan.fr\/index.php\/contact-iribilan\/#primaryimage"},"image":{"@id":"https:\/\/www.irisbilan.fr\/index.php\/contact-iribilan\/#primaryimage"},"thumbnailUrl":"https:\/\/www.irisbilan.fr\/wp-content\/uploads\/2024\/01\/Logo-CBC-300x115.jpg","datePublished":"2019-09-10T09:39:39+00:00","dateModified":"2025-07-17T09:28:17+00:00","description":"Page contact IRISBILAN : pour obtenir des informations sur le bilan de comp\u00e9tences, prendre rendez-vous pour un entretien pr\u00e9liminaire gratuit.","breadcrumb":{"@id":"https:\/\/www.irisbilan.fr\/index.php\/contact-iribilan\/#breadcrumb"},"inLanguage":"fr-FR","potentialAction":[{"@type":"ReadAction","target":["https:\/\/www.irisbilan.fr\/index.php\/contact-iribilan\/"]}]},{"@type":"ImageObject","inLanguage":"fr-FR","@id":"https:\/\/www.irisbilan.fr\/index.php\/contact-iribilan\/#primaryimage","url":"https:\/\/www.irisbilan.fr\/wp-content\/uploads\/2024\/01\/Logo-CBC.jpg","contentUrl":"https:\/\/www.irisbilan.fr\/wp-content\/uploads\/2024\/01\/Logo-CBC.jpg","width":1280,"height":489},{"@type":"BreadcrumbList","@id":"https:\/\/www.irisbilan.fr\/index.php\/contact-iribilan\/#breadcrumb","itemListElement":[{"@type":"ListItem","position":1,"name":"Accueil","item":"https:\/\/www.irisbilan.fr\/"},{"@type":"ListItem","position":2,"name":"Contact"}]},{"@type":"WebSite","@id":"https:\/\/www.irisbilan.fr\/#website","url":"https:\/\/www.irisbilan.fr\/","name":"Centre de bilan de comp\u00e9tences IrisBilan Rueil","description":"Une m\u00e9thode \u00e9prouv\u00e9e et adapt\u00e9e \u00e0 chaque histoire de vie professionnelle !","publisher":{"@id":"https:\/\/www.irisbilan.fr\/#organization"},"potentialAction":[{"@type":"SearchAction","target":{"@type":"EntryPoint","urlTemplate":"https:\/\/www.irisbilan.fr\/?s={search_term_string}"},"query-input":{"@type":"PropertyValueSpecification","valueRequired":true,"valueName":"search_term_string"}}],"inLanguage":"fr-FR"},{"@type":"Organization","@id":"https:\/\/www.irisbilan.fr\/#organization","name":"BEGUIN SYLVIE","url":"https:\/\/www.irisbilan.fr\/","logo":{"@type":"ImageObject","inLanguage":"fr-FR","@id":"https:\/\/www.irisbilan.fr\/#\/schema\/logo\/image\/","url":"https:\/\/www.irisbilan.fr\/wp-content\/uploads\/2019\/09\/cropped-IRIS-PETIT.jpg","contentUrl":"https:\/\/www.irisbilan.fr\/wp-content\/uploads\/2019\/09\/cropped-IRIS-PETIT.jpg","width":240,"height":98,"caption":"BEGUIN SYLVIE"},"image":{"@id":"https:\/\/www.irisbilan.fr\/#\/schema\/logo\/image\/"},"sameAs":["https:\/\/www.facebook.com\/beguin.sylvie\/","https:\/\/www.linkedin.com\/showcase\/11126319"]}]}},"_links":{"self":[{"href":"https:\/\/www.irisbilan.fr\/index.php\/wp-json\/wp\/v2\/pages\/36","targetHints":{"allow":["GET"]}}],"collection":[{"href":"https:\/\/www.irisbilan.fr\/index.php\/wp-json\/wp\/v2\/pages"}],"about":[{"href":"https:\/\/www.irisbilan.fr\/index.php\/wp-json\/wp\/v2\/types\/page"}],"author":[{"embeddable":true,"href":"https:\/\/www.irisbilan.fr\/index.php\/wp-json\/wp\/v2\/users\/1"}],"replies":[{"embeddable":true,"href":"https:\/\/www.irisbilan.fr\/index.php\/wp-json\/wp\/v2\/comments?post=36"}],"version-history":[{"count":22,"href":"https:\/\/www.irisbilan.fr\/index.php\/wp-json\/wp\/v2\/pages\/36\/revisions"}],"predecessor-version":[{"id":482013,"href":"https:\/\/www.irisbilan.fr\/index.php\/wp-json\/wp\/v2\/pages\/36\/revisions\/482013"}],"wp:attachment":[{"href":"https:\/\/www.irisbilan.fr\/index.php\/wp-json\/wp\/v2\/media?parent=36"}],"curies":[{"name":"wp","href":"https:\/\/api.w.org\/{rel}","templated":true}]}}