{"id":50,"date":"2019-09-16T12:36:15","date_gmt":"2019-09-16T10:36:15","guid":{"rendered":"https:\/\/www.irisbilan.fr\/?page_id=50"},"modified":"2025-07-17T16:26:31","modified_gmt":"2025-07-17T14:26:31","slug":"deontologie","status":"publish","type":"page","link":"https:\/\/www.irisbilan.fr\/index.php\/deontologie\/","title":{"rendered":"D\u00e9ontologie"},"content":{"rendered":"<h3><strong>Ce que dit la loi en mati\u00e8re de d\u00e9ontologie<\/strong><\/h3>\n<p>Un code de d\u00e9ontologie encadre le bilan de comp\u00e9tences et en fixe les r\u00e8gles suivantes :<\/p>\n<ul>\n<li style=\"list-style-type: none;\">\n<ul>\n<li style=\"list-style-type: none;\">\n<ul>\n<li>le b\u00e9n\u00e9ficiaire doit \u00eatre volontaire pour la d\u00e9marche (<a href=\"https:\/\/www.legifrance.gouv.fr\/codes\/article_lc\/LEGIARTI000037385673\/2019-01-01\" target=\"_blank\" rel=\"noopener noreferrer\">article L6313-4 du Code du Travail)<\/a><\/li>\n<li>l&rsquo;ensemble des \u00e9changes entre le conseiller et le b\u00e9n\u00e9ficiaire sont confidentiels par rapport au financeur et toute personne ext\u00e9rieure<\/li>\n<li>les r\u00e9sultats du bilan et sa synth\u00e8se sont la propri\u00e9t\u00e9 du b\u00e9n\u00e9ficiaire. Ils ne sont jamais communiqu\u00e9s par le centre de bilan de comp\u00e9tences \u00e0 un tiers (sauf accord pr\u00e9alable)<\/li>\n<li>le centre d\u00e9truit tous les \u00e9l\u00e9ments ayant servi \u00e0 la r\u00e9alisation du bilan de comp\u00e9tences en fin de prestation.<\/li>\n<\/ul>\n<\/li>\n<\/ul>\n<\/li>\n<\/ul>\n<h3><strong>Notre engagement sp\u00e9cifique<\/strong><\/h3>\n<p>D&rsquo;autre part, le centre de bilan de comp\u00e9tences a mis au point une charte \u00e9thique et et de d\u00e9ontologie du bilan de comp\u00e9tences que nous appliquons. Vous pouvez la t\u00e9l\u00e9charger ici.<\/p>\n<p><a href=\"https:\/\/www.irisbilan.fr\/wp-content\/uploads\/2025\/07\/3-9-03-charte-deontologique.pdf\">charte d\u00e9ontologique<\/a><\/p>\n<p>Vous avez besoin de plus de pr\u00e9cisions sur l&rsquo;application des r\u00e8gles de d\u00e9ontologie. N&rsquo;h\u00e9sitez pas \u00e0 nous <a href=\"https:\/\/www.irisbilan.fr\/index.php\/contact-iribilan\/\" target=\"_blank\" rel=\"noopener noreferrer\">contacter<\/a> par t\u00e9l\u00e9phone, mail ou bien \u00e0 solliciter un entretien face \u00e0 face gratuit.<\/p>\n","protected":false},"excerpt":{"rendered":"<p>Ce que dit la loi en mati\u00e8re de d\u00e9ontologie Un code de d\u00e9ontologie encadre le bilan de comp\u00e9tences et en fixe les r\u00e8gles suivantes : le b\u00e9n\u00e9ficiaire doit \u00eatre volontaire pour la d\u00e9marche (article L6313-4 du Code du Travail) l&rsquo;ensemble des \u00e9changes entre le conseiller et le b\u00e9n\u00e9ficiaire sont confidentiels par rapport au financeur et &hellip; <\/p>\n<p class=\"link-more\"><a href=\"https:\/\/www.irisbilan.fr\/index.php\/deontologie\/\" class=\"more-link\">Continuer la lecture<span class=\"screen-reader-text\"> de &laquo;&nbsp;D\u00e9ontologie&nbsp;&raquo;<\/span><\/a><\/p>\n","protected":false},"author":1,"featured_media":0,"parent":0,"menu_order":0,"comment_status":"closed","ping_status":"closed","template":"","meta":{"footnotes":""},"class_list":["post-50","page","type-page","status-publish","hentry"],"yoast_head":"<!-- This site is optimized with the Yoast SEO plugin v26.0 - https:\/\/yoast.com\/wordpress\/plugins\/seo\/ -->\n<title>D\u00e9ontologie - Centre de bilan de comp\u00e9tences IrisBilan - Rueil<\/title>\n<meta name=\"description\" content=\"Le bilan de comp\u00e9tences est soumis \u00e0 des r\u00e9gles de d\u00e9ontologie et de confidentialit\u00e9 pour garantir une qualit\u00e9 optimale de prestations\" \/>\n<meta name=\"robots\" content=\"index, follow, max-snippet:-1, max-image-preview:large, max-video-preview:-1\" \/>\n<link rel=\"canonical\" href=\"https:\/\/www.irisbilan.fr\/index.php\/deontologie\/\" \/>\n<meta property=\"og:locale\" content=\"fr_FR\" \/>\n<meta property=\"og:type\" content=\"article\" \/>\n<meta property=\"og:title\" content=\"D\u00e9ontologie - Centre de bilan de comp\u00e9tences IrisBilan - Rueil\" \/>\n<meta property=\"og:description\" content=\"Le bilan de comp\u00e9tences est soumis \u00e0 des r\u00e9gles de d\u00e9ontologie et de confidentialit\u00e9 pour garantir une qualit\u00e9 optimale de prestations\" \/>\n<meta property=\"og:url\" content=\"https:\/\/www.irisbilan.fr\/index.php\/deontologie\/\" \/>\n<meta property=\"og:site_name\" content=\"Centre de bilan de comp\u00e9tences IrisBilan\" \/>\n<meta property=\"article:publisher\" content=\"https:\/\/www.facebook.com\/beguin.sylvie\/\" \/>\n<meta property=\"article:modified_time\" content=\"2025-07-17T14:26:31+00:00\" \/>\n<meta name=\"twitter:card\" content=\"summary_large_image\" \/>\n<meta name=\"twitter:label1\" content=\"Dur\u00e9e de lecture estim\u00e9e\" \/>\n\t<meta name=\"twitter:data1\" content=\"1 minute\" \/>\n<script type=\"application\/ld+json\" class=\"yoast-schema-graph\">{\"@context\":\"https:\/\/schema.org\",\"@graph\":[{\"@type\":\"WebPage\",\"@id\":\"https:\/\/www.irisbilan.fr\/index.php\/deontologie\/\",\"url\":\"https:\/\/www.irisbilan.fr\/index.php\/deontologie\/\",\"name\":\"D\u00e9ontologie - Centre de bilan de comp\u00e9tences IrisBilan - Rueil\",\"isPartOf\":{\"@id\":\"https:\/\/www.irisbilan.fr\/#website\"},\"datePublished\":\"2019-09-16T10:36:15+00:00\",\"dateModified\":\"2025-07-17T14:26:31+00:00\",\"description\":\"Le bilan de comp\u00e9tences est soumis \u00e0 des r\u00e9gles de d\u00e9ontologie et de confidentialit\u00e9 pour garantir une qualit\u00e9 optimale de prestations\",\"breadcrumb\":{\"@id\":\"https:\/\/www.irisbilan.fr\/index.php\/deontologie\/#breadcrumb\"},\"inLanguage\":\"fr-FR\",\"potentialAction\":[{\"@type\":\"ReadAction\",\"target\":[\"https:\/\/www.irisbilan.fr\/index.php\/deontologie\/\"]}]},{\"@type\":\"BreadcrumbList\",\"@id\":\"https:\/\/www.irisbilan.fr\/index.php\/deontologie\/#breadcrumb\",\"itemListElement\":[{\"@type\":\"ListItem\",\"position\":1,\"name\":\"Accueil\",\"item\":\"https:\/\/www.irisbilan.fr\/\"},{\"@type\":\"ListItem\",\"position\":2,\"name\":\"D\u00e9ontologie\"}]},{\"@type\":\"WebSite\",\"@id\":\"https:\/\/www.irisbilan.fr\/#website\",\"url\":\"https:\/\/www.irisbilan.fr\/\",\"name\":\"Centre de bilan de comp\u00e9tences IrisBilan Rueil\",\"description\":\"Une m\u00e9thode \u00e9prouv\u00e9e et adapt\u00e9e \u00e0 chaque histoire de vie professionnelle !\",\"publisher\":{\"@id\":\"https:\/\/www.irisbilan.fr\/#organization\"},\"potentialAction\":[{\"@type\":\"SearchAction\",\"target\":{\"@type\":\"EntryPoint\",\"urlTemplate\":\"https:\/\/www.irisbilan.fr\/?s={search_term_string}\"},\"query-input\":{\"@type\":\"PropertyValueSpecification\",\"valueRequired\":true,\"valueName\":\"search_term_string\"}}],\"inLanguage\":\"fr-FR\"},{\"@type\":\"Organization\",\"@id\":\"https:\/\/www.irisbilan.fr\/#organization\",\"name\":\"BEGUIN SYLVIE\",\"url\":\"https:\/\/www.irisbilan.fr\/\",\"logo\":{\"@type\":\"ImageObject\",\"inLanguage\":\"fr-FR\",\"@id\":\"https:\/\/www.irisbilan.fr\/#\/schema\/logo\/image\/\",\"url\":\"https:\/\/www.irisbilan.fr\/wp-content\/uploads\/2019\/09\/cropped-IRIS-PETIT.jpg\",\"contentUrl\":\"https:\/\/www.irisbilan.fr\/wp-content\/uploads\/2019\/09\/cropped-IRIS-PETIT.jpg\",\"width\":240,\"height\":98,\"caption\":\"BEGUIN SYLVIE\"},\"image\":{\"@id\":\"https:\/\/www.irisbilan.fr\/#\/schema\/logo\/image\/\"},\"sameAs\":[\"https:\/\/www.facebook.com\/beguin.sylvie\/\",\"https:\/\/www.linkedin.com\/showcase\/11126319\"]}]}<\/script>\n<!-- \/ Yoast SEO plugin. -->","yoast_head_json":{"title":"D\u00e9ontologie - Centre de bilan de comp\u00e9tences IrisBilan - Rueil","description":"Le bilan de comp\u00e9tences est soumis \u00e0 des r\u00e9gles de d\u00e9ontologie et de confidentialit\u00e9 pour garantir une qualit\u00e9 optimale de prestations","robots":{"index":"index","follow":"follow","max-snippet":"max-snippet:-1","max-image-preview":"max-image-preview:large","max-video-preview":"max-video-preview:-1"},"canonical":"https:\/\/www.irisbilan.fr\/index.php\/deontologie\/","og_locale":"fr_FR","og_type":"article","og_title":"D\u00e9ontologie - Centre de bilan de comp\u00e9tences IrisBilan - Rueil","og_description":"Le bilan de comp\u00e9tences est soumis \u00e0 des r\u00e9gles de d\u00e9ontologie et de confidentialit\u00e9 pour garantir une qualit\u00e9 optimale de prestations","og_url":"https:\/\/www.irisbilan.fr\/index.php\/deontologie\/","og_site_name":"Centre de bilan de comp\u00e9tences IrisBilan","article_publisher":"https:\/\/www.facebook.com\/beguin.sylvie\/","article_modified_time":"2025-07-17T14:26:31+00:00","twitter_card":"summary_large_image","twitter_misc":{"Dur\u00e9e de lecture estim\u00e9e":"1 minute"},"schema":{"@context":"https:\/\/schema.org","@graph":[{"@type":"WebPage","@id":"https:\/\/www.irisbilan.fr\/index.php\/deontologie\/","url":"https:\/\/www.irisbilan.fr\/index.php\/deontologie\/","name":"D\u00e9ontologie - Centre de bilan de comp\u00e9tences IrisBilan - Rueil","isPartOf":{"@id":"https:\/\/www.irisbilan.fr\/#website"},"datePublished":"2019-09-16T10:36:15+00:00","dateModified":"2025-07-17T14:26:31+00:00","description":"Le bilan de comp\u00e9tences est soumis \u00e0 des r\u00e9gles de d\u00e9ontologie et de confidentialit\u00e9 pour garantir une qualit\u00e9 optimale de prestations","breadcrumb":{"@id":"https:\/\/www.irisbilan.fr\/index.php\/deontologie\/#breadcrumb"},"inLanguage":"fr-FR","potentialAction":[{"@type":"ReadAction","target":["https:\/\/www.irisbilan.fr\/index.php\/deontologie\/"]}]},{"@type":"BreadcrumbList","@id":"https:\/\/www.irisbilan.fr\/index.php\/deontologie\/#breadcrumb","itemListElement":[{"@type":"ListItem","position":1,"name":"Accueil","item":"https:\/\/www.irisbilan.fr\/"},{"@type":"ListItem","position":2,"name":"D\u00e9ontologie"}]},{"@type":"WebSite","@id":"https:\/\/www.irisbilan.fr\/#website","url":"https:\/\/www.irisbilan.fr\/","name":"Centre de bilan de comp\u00e9tences IrisBilan Rueil","description":"Une m\u00e9thode \u00e9prouv\u00e9e et adapt\u00e9e \u00e0 chaque histoire de vie professionnelle !","publisher":{"@id":"https:\/\/www.irisbilan.fr\/#organization"},"potentialAction":[{"@type":"SearchAction","target":{"@type":"EntryPoint","urlTemplate":"https:\/\/www.irisbilan.fr\/?s={search_term_string}"},"query-input":{"@type":"PropertyValueSpecification","valueRequired":true,"valueName":"search_term_string"}}],"inLanguage":"fr-FR"},{"@type":"Organization","@id":"https:\/\/www.irisbilan.fr\/#organization","name":"BEGUIN SYLVIE","url":"https:\/\/www.irisbilan.fr\/","logo":{"@type":"ImageObject","inLanguage":"fr-FR","@id":"https:\/\/www.irisbilan.fr\/#\/schema\/logo\/image\/","url":"https:\/\/www.irisbilan.fr\/wp-content\/uploads\/2019\/09\/cropped-IRIS-PETIT.jpg","contentUrl":"https:\/\/www.irisbilan.fr\/wp-content\/uploads\/2019\/09\/cropped-IRIS-PETIT.jpg","width":240,"height":98,"caption":"BEGUIN SYLVIE"},"image":{"@id":"https:\/\/www.irisbilan.fr\/#\/schema\/logo\/image\/"},"sameAs":["https:\/\/www.facebook.com\/beguin.sylvie\/","https:\/\/www.linkedin.com\/showcase\/11126319"]}]}},"_links":{"self":[{"href":"https:\/\/www.irisbilan.fr\/index.php\/wp-json\/wp\/v2\/pages\/50","targetHints":{"allow":["GET"]}}],"collection":[{"href":"https:\/\/www.irisbilan.fr\/index.php\/wp-json\/wp\/v2\/pages"}],"about":[{"href":"https:\/\/www.irisbilan.fr\/index.php\/wp-json\/wp\/v2\/types\/page"}],"author":[{"embeddable":true,"href":"https:\/\/www.irisbilan.fr\/index.php\/wp-json\/wp\/v2\/users\/1"}],"replies":[{"embeddable":true,"href":"https:\/\/www.irisbilan.fr\/index.php\/wp-json\/wp\/v2\/comments?post=50"}],"version-history":[{"count":18,"href":"https:\/\/www.irisbilan.fr\/index.php\/wp-json\/wp\/v2\/pages\/50\/revisions"}],"predecessor-version":[{"id":482042,"href":"https:\/\/www.irisbilan.fr\/index.php\/wp-json\/wp\/v2\/pages\/50\/revisions\/482042"}],"wp:attachment":[{"href":"https:\/\/www.irisbilan.fr\/index.php\/wp-json\/wp\/v2\/media?parent=50"}],"curies":[{"name":"wp","href":"https:\/\/api.w.org\/{rel}","templated":true}]}}