{"id":52,"date":"2019-09-16T12:36:47","date_gmt":"2019-09-16T10:36:47","guid":{"rendered":"https:\/\/www.irisbilan.fr\/?page_id=52"},"modified":"2023-10-17T13:27:03","modified_gmt":"2023-10-17T11:27:03","slug":"financement","status":"publish","type":"page","link":"https:\/\/www.irisbilan.fr\/index.php\/financement\/","title":{"rendered":"Financement"},"content":{"rendered":"<p>Vous pouvez b\u00e9n\u00e9ficier de financement pour votre bilan de comp\u00e9tences.<\/p>\n<ul>\n<li style=\"list-style-type: none;\">\n<ul>\n<li style=\"list-style-type: none;\">\n<ul>\n<li>par le <strong>plan de d\u00e9veloppement de comp\u00e9tences<\/strong> de votre entreprise (dispositif rempla\u00e7ant le plan de formation depuis le 1er janvier 2019). Vous devez alors vous rapprocher de votre DRH.<\/li>\n<\/ul>\n<\/li>\n<\/ul>\n<\/li>\n<\/ul>\n<p>Si le bilan est r\u00e9alis\u00e9 sur le temps de travail, il est assimil\u00e9 \u00e0 l\u2019ex\u00e9cution normale du contrat de travail. Le co\u00fbt du bilan est \u00e0 la charge de l\u2019employeur, sauf dans les cas o\u00f9 le CPF est mobilis\u00e9.<span style=\"font-size: 1rem;\">\u00a0<\/span><\/p>\n<ul>\n<li style=\"list-style-type: none;\">\n<ul>\n<li style=\"list-style-type: none;\">\n<ul>\n<li>par votre <strong><a href=\"https:\/\/travail-emploi.gouv.fr\/formation-professionnelle\/droit-a-la-formation-et-orientation-professionnelle\/compte-personnel-formation\" target=\"_blank\" rel=\"noopener noreferrer\">Compte Personnel de Formation<\/a> (CPF)<\/strong>. Pour conna\u00eetre le contenu de votre CPF, cr\u00e9er votre espace et consultez-le sur le site : <a href=\"https:\/\/www.moncompteformation.gouv.fr\/espace-prive\/html\/#\/\" target=\"_blank\" rel=\"noopener noreferrer\">moncompteformation.gouv..fr.<\/a><\/li>\n<\/ul>\n<\/li>\n<\/ul>\n<\/li>\n<\/ul>\n<p>Lorsque vous r\u00e9alisez votre bilan hors temps de travail, l\u2019employeur n\u2019a pas \u00e0 \u00eatre inform\u00e9. Lorsque vous mobilisez votre CPF pour un bilan pendant le temps de travail, vous devez demander l\u2019accord pr\u00e9alable de l\u2019employeur pour l&rsquo;autorisation d&rsquo;absence, avant de r\u00e9aliser votre dossier de financement CPF.<\/p>\n<p>Si vous ne poss\u00e9dez pas une provision suffisante sur votre CPF pour financer le bilan de comp\u00e9tences, des abondements sont possibles. Contactez alors un <a href=\"https:\/\/mon-cep.org\/\" target=\"_blank\" rel=\"noopener noreferrer\">CEP<\/a> (conseiller en \u00e9volution professionnelle).<\/p>\n<p>Vous souhaitez avoir un devis pour votre bilan de comp\u00e9tences. Alors je vous propose de nous rencontrer lors d&rsquo;un <span style=\"color: #800080;\"><strong><a style=\"color: #800080;\" href=\"https:\/\/www.irisbilan.fr\/index.php\/contact\/\" target=\"_blank\" rel=\"noopener noreferrer\">entretien pr\u00e9liminaire gratuit<\/a><\/strong><\/span>. Nous ferons le point sur votre besoin. Je vous ferai alors <strong>une proposition personnalis\u00e9e de contenu et de prix.<\/strong><\/p>\n","protected":false},"excerpt":{"rendered":"<p>Vous pouvez b\u00e9n\u00e9ficier de financement pour votre bilan de comp\u00e9tences. par le plan de d\u00e9veloppement de comp\u00e9tences de votre entreprise (dispositif rempla\u00e7ant le plan de formation depuis le 1er janvier 2019). Vous devez alors vous rapprocher de votre DRH. Si le bilan est r\u00e9alis\u00e9 sur le temps de travail, il est assimil\u00e9 \u00e0 l\u2019ex\u00e9cution normale &hellip; <\/p>\n<p class=\"link-more\"><a href=\"https:\/\/www.irisbilan.fr\/index.php\/financement\/\" class=\"more-link\">Continuer la lecture<span class=\"screen-reader-text\"> de &laquo;&nbsp;Financement&nbsp;&raquo;<\/span><\/a><\/p>\n","protected":false},"author":1,"featured_media":0,"parent":0,"menu_order":0,"comment_status":"closed","ping_status":"closed","template":"","meta":{"footnotes":""},"class_list":["post-52","page","type-page","status-publish","hentry"],"yoast_head":"<!-- This site is optimized with the Yoast SEO plugin v26.0 - https:\/\/yoast.com\/wordpress\/plugins\/seo\/ -->\n<title>Financement - Centre de bilan de comp\u00e9tences IrisBilan - Rueil<\/title>\n<meta name=\"description\" content=\"Vous pouvez obtenir un financement de votre bilan de comp\u00e9tences : d\u00e9couvrez les diff\u00e9rentes possibilit\u00e9s pour faire valoir votre droits.\" \/>\n<meta name=\"robots\" content=\"index, follow, max-snippet:-1, max-image-preview:large, max-video-preview:-1\" \/>\n<link rel=\"canonical\" href=\"https:\/\/www.irisbilan.fr\/index.php\/financement\/\" \/>\n<meta property=\"og:locale\" content=\"fr_FR\" \/>\n<meta property=\"og:type\" content=\"article\" \/>\n<meta property=\"og:title\" content=\"Financement - Centre de bilan de comp\u00e9tences IrisBilan - Rueil\" \/>\n<meta property=\"og:description\" content=\"Vous pouvez obtenir un financement de votre bilan de comp\u00e9tences : d\u00e9couvrez les diff\u00e9rentes possibilit\u00e9s pour faire valoir votre droits.\" \/>\n<meta property=\"og:url\" content=\"https:\/\/www.irisbilan.fr\/index.php\/financement\/\" \/>\n<meta property=\"og:site_name\" content=\"Centre de bilan de comp\u00e9tences IrisBilan\" \/>\n<meta property=\"article:publisher\" content=\"https:\/\/www.facebook.com\/beguin.sylvie\/\" \/>\n<meta property=\"article:modified_time\" content=\"2023-10-17T11:27:03+00:00\" \/>\n<meta name=\"twitter:card\" content=\"summary_large_image\" \/>\n<meta name=\"twitter:label1\" content=\"Dur\u00e9e de lecture estim\u00e9e\" \/>\n\t<meta name=\"twitter:data1\" content=\"2 minutes\" \/>\n<script type=\"application\/ld+json\" class=\"yoast-schema-graph\">{\"@context\":\"https:\/\/schema.org\",\"@graph\":[{\"@type\":\"WebPage\",\"@id\":\"https:\/\/www.irisbilan.fr\/index.php\/financement\/\",\"url\":\"https:\/\/www.irisbilan.fr\/index.php\/financement\/\",\"name\":\"Financement - Centre de bilan de comp\u00e9tences IrisBilan - Rueil\",\"isPartOf\":{\"@id\":\"https:\/\/www.irisbilan.fr\/#website\"},\"datePublished\":\"2019-09-16T10:36:47+00:00\",\"dateModified\":\"2023-10-17T11:27:03+00:00\",\"description\":\"Vous pouvez obtenir un financement de votre bilan de comp\u00e9tences : d\u00e9couvrez les diff\u00e9rentes possibilit\u00e9s pour faire valoir votre droits.\",\"breadcrumb\":{\"@id\":\"https:\/\/www.irisbilan.fr\/index.php\/financement\/#breadcrumb\"},\"inLanguage\":\"fr-FR\",\"potentialAction\":[{\"@type\":\"ReadAction\",\"target\":[\"https:\/\/www.irisbilan.fr\/index.php\/financement\/\"]}]},{\"@type\":\"BreadcrumbList\",\"@id\":\"https:\/\/www.irisbilan.fr\/index.php\/financement\/#breadcrumb\",\"itemListElement\":[{\"@type\":\"ListItem\",\"position\":1,\"name\":\"Accueil\",\"item\":\"https:\/\/www.irisbilan.fr\/\"},{\"@type\":\"ListItem\",\"position\":2,\"name\":\"Financement\"}]},{\"@type\":\"WebSite\",\"@id\":\"https:\/\/www.irisbilan.fr\/#website\",\"url\":\"https:\/\/www.irisbilan.fr\/\",\"name\":\"Centre de bilan de comp\u00e9tences IrisBilan Rueil\",\"description\":\"Une m\u00e9thode \u00e9prouv\u00e9e et adapt\u00e9e \u00e0 chaque histoire de vie professionnelle !\",\"publisher\":{\"@id\":\"https:\/\/www.irisbilan.fr\/#organization\"},\"potentialAction\":[{\"@type\":\"SearchAction\",\"target\":{\"@type\":\"EntryPoint\",\"urlTemplate\":\"https:\/\/www.irisbilan.fr\/?s={search_term_string}\"},\"query-input\":{\"@type\":\"PropertyValueSpecification\",\"valueRequired\":true,\"valueName\":\"search_term_string\"}}],\"inLanguage\":\"fr-FR\"},{\"@type\":\"Organization\",\"@id\":\"https:\/\/www.irisbilan.fr\/#organization\",\"name\":\"BEGUIN SYLVIE\",\"url\":\"https:\/\/www.irisbilan.fr\/\",\"logo\":{\"@type\":\"ImageObject\",\"inLanguage\":\"fr-FR\",\"@id\":\"https:\/\/www.irisbilan.fr\/#\/schema\/logo\/image\/\",\"url\":\"https:\/\/www.irisbilan.fr\/wp-content\/uploads\/2019\/09\/cropped-IRIS-PETIT.jpg\",\"contentUrl\":\"https:\/\/www.irisbilan.fr\/wp-content\/uploads\/2019\/09\/cropped-IRIS-PETIT.jpg\",\"width\":240,\"height\":98,\"caption\":\"BEGUIN SYLVIE\"},\"image\":{\"@id\":\"https:\/\/www.irisbilan.fr\/#\/schema\/logo\/image\/\"},\"sameAs\":[\"https:\/\/www.facebook.com\/beguin.sylvie\/\",\"https:\/\/www.linkedin.com\/showcase\/11126319\"]}]}<\/script>\n<!-- \/ Yoast SEO plugin. -->","yoast_head_json":{"title":"Financement - Centre de bilan de comp\u00e9tences IrisBilan - Rueil","description":"Vous pouvez obtenir un financement de votre bilan de comp\u00e9tences : d\u00e9couvrez les diff\u00e9rentes possibilit\u00e9s pour faire valoir votre droits.","robots":{"index":"index","follow":"follow","max-snippet":"max-snippet:-1","max-image-preview":"max-image-preview:large","max-video-preview":"max-video-preview:-1"},"canonical":"https:\/\/www.irisbilan.fr\/index.php\/financement\/","og_locale":"fr_FR","og_type":"article","og_title":"Financement - Centre de bilan de comp\u00e9tences IrisBilan - Rueil","og_description":"Vous pouvez obtenir un financement de votre bilan de comp\u00e9tences : d\u00e9couvrez les diff\u00e9rentes possibilit\u00e9s pour faire valoir votre droits.","og_url":"https:\/\/www.irisbilan.fr\/index.php\/financement\/","og_site_name":"Centre de bilan de comp\u00e9tences IrisBilan","article_publisher":"https:\/\/www.facebook.com\/beguin.sylvie\/","article_modified_time":"2023-10-17T11:27:03+00:00","twitter_card":"summary_large_image","twitter_misc":{"Dur\u00e9e de lecture estim\u00e9e":"2 minutes"},"schema":{"@context":"https:\/\/schema.org","@graph":[{"@type":"WebPage","@id":"https:\/\/www.irisbilan.fr\/index.php\/financement\/","url":"https:\/\/www.irisbilan.fr\/index.php\/financement\/","name":"Financement - Centre de bilan de comp\u00e9tences IrisBilan - Rueil","isPartOf":{"@id":"https:\/\/www.irisbilan.fr\/#website"},"datePublished":"2019-09-16T10:36:47+00:00","dateModified":"2023-10-17T11:27:03+00:00","description":"Vous pouvez obtenir un financement de votre bilan de comp\u00e9tences : d\u00e9couvrez les diff\u00e9rentes possibilit\u00e9s pour faire valoir votre droits.","breadcrumb":{"@id":"https:\/\/www.irisbilan.fr\/index.php\/financement\/#breadcrumb"},"inLanguage":"fr-FR","potentialAction":[{"@type":"ReadAction","target":["https:\/\/www.irisbilan.fr\/index.php\/financement\/"]}]},{"@type":"BreadcrumbList","@id":"https:\/\/www.irisbilan.fr\/index.php\/financement\/#breadcrumb","itemListElement":[{"@type":"ListItem","position":1,"name":"Accueil","item":"https:\/\/www.irisbilan.fr\/"},{"@type":"ListItem","position":2,"name":"Financement"}]},{"@type":"WebSite","@id":"https:\/\/www.irisbilan.fr\/#website","url":"https:\/\/www.irisbilan.fr\/","name":"Centre de bilan de comp\u00e9tences IrisBilan Rueil","description":"Une m\u00e9thode \u00e9prouv\u00e9e et adapt\u00e9e \u00e0 chaque histoire de vie professionnelle !","publisher":{"@id":"https:\/\/www.irisbilan.fr\/#organization"},"potentialAction":[{"@type":"SearchAction","target":{"@type":"EntryPoint","urlTemplate":"https:\/\/www.irisbilan.fr\/?s={search_term_string}"},"query-input":{"@type":"PropertyValueSpecification","valueRequired":true,"valueName":"search_term_string"}}],"inLanguage":"fr-FR"},{"@type":"Organization","@id":"https:\/\/www.irisbilan.fr\/#organization","name":"BEGUIN SYLVIE","url":"https:\/\/www.irisbilan.fr\/","logo":{"@type":"ImageObject","inLanguage":"fr-FR","@id":"https:\/\/www.irisbilan.fr\/#\/schema\/logo\/image\/","url":"https:\/\/www.irisbilan.fr\/wp-content\/uploads\/2019\/09\/cropped-IRIS-PETIT.jpg","contentUrl":"https:\/\/www.irisbilan.fr\/wp-content\/uploads\/2019\/09\/cropped-IRIS-PETIT.jpg","width":240,"height":98,"caption":"BEGUIN SYLVIE"},"image":{"@id":"https:\/\/www.irisbilan.fr\/#\/schema\/logo\/image\/"},"sameAs":["https:\/\/www.facebook.com\/beguin.sylvie\/","https:\/\/www.linkedin.com\/showcase\/11126319"]}]}},"_links":{"self":[{"href":"https:\/\/www.irisbilan.fr\/index.php\/wp-json\/wp\/v2\/pages\/52","targetHints":{"allow":["GET"]}}],"collection":[{"href":"https:\/\/www.irisbilan.fr\/index.php\/wp-json\/wp\/v2\/pages"}],"about":[{"href":"https:\/\/www.irisbilan.fr\/index.php\/wp-json\/wp\/v2\/types\/page"}],"author":[{"embeddable":true,"href":"https:\/\/www.irisbilan.fr\/index.php\/wp-json\/wp\/v2\/users\/1"}],"replies":[{"embeddable":true,"href":"https:\/\/www.irisbilan.fr\/index.php\/wp-json\/wp\/v2\/comments?post=52"}],"version-history":[{"count":15,"href":"https:\/\/www.irisbilan.fr\/index.php\/wp-json\/wp\/v2\/pages\/52\/revisions"}],"predecessor-version":[{"id":170417,"href":"https:\/\/www.irisbilan.fr\/index.php\/wp-json\/wp\/v2\/pages\/52\/revisions\/170417"}],"wp:attachment":[{"href":"https:\/\/www.irisbilan.fr\/index.php\/wp-json\/wp\/v2\/media?parent=52"}],"curies":[{"name":"wp","href":"https:\/\/api.w.org\/{rel}","templated":true}]}}