{"id":61,"date":"2019-09-16T12:44:09","date_gmt":"2019-09-16T10:44:09","guid":{"rendered":"https:\/\/www.irisbilan.fr\/?page_id=61"},"modified":"2025-10-01T13:29:06","modified_gmt":"2025-10-01T11:29:06","slug":"bilan-de-competences-rueil","status":"publish","type":"page","link":"https:\/\/www.irisbilan.fr\/","title":{"rendered":"Pr\u00e9sentation du centre"},"content":{"rendered":"<p><strong>Psychologue du travail,<\/strong> dipl\u00f4m\u00e9e du CNAM en 2008, je pratique le bilan de comp\u00e9tences et l&rsquo;accompagnement des transitions professionnelles depuis 2006. D&rsquo;abord comme salari\u00e9e dans un cabinet de conseil en RH, puis en cr\u00e9ant ma propre structure en lib\u00e9ral en 2009.<\/p>\n<p><img loading=\"lazy\" decoding=\"async\" class=\"alignnone size-medium wp-image-203519\" src=\"https:\/\/www.irisbilan.fr\/wp-content\/uploads\/2024\/01\/Logo-CBC-300x115.jpg\" alt=\"\" width=\"300\" height=\"115\" srcset=\"https:\/\/www.irisbilan.fr\/wp-content\/uploads\/2024\/01\/Logo-CBC-300x115.jpg 300w, https:\/\/www.irisbilan.fr\/wp-content\/uploads\/2024\/01\/Logo-CBC-1024x391.jpg 1024w, https:\/\/www.irisbilan.fr\/wp-content\/uploads\/2024\/01\/Logo-CBC-768x293.jpg 768w, https:\/\/www.irisbilan.fr\/wp-content\/uploads\/2024\/01\/Logo-CBC.jpg 1280w\" sizes=\"auto, (max-width: 300px) 100vw, 300px\" \/><\/p>\n<p>&nbsp;<\/p>\n<p>Mon m\u00e9tier n\u00e9cessite un programme de formation continue, garantie d&rsquo;un accompagnement de qualit\u00e9. C&rsquo;est pourquoi, j&rsquo;ai obtenu des certifications dans des outils reconnus pour l&rsquo;orientation professionnelle (certification sans date d&rsquo;expiration) :<\/p>\n<ul>\n<li style=\"list-style-type: none;\">\n<ul>\n<li style=\"list-style-type: none;\">\n<ul>\n<li><strong>MOTIVA<\/strong> : test d&rsquo;int\u00e9r\u00eats et de motivations professionnelles<\/li>\n<li><strong>TRANSFERENCE<\/strong> : logiciel d&rsquo;analyse de la transf\u00e9rabilit\u00e9 des comp\u00e9tences<\/li>\n<li><strong>SOSIE<\/strong> : test de personnalit\u00e9<\/li>\n<li><strong>MBTI<\/strong> : indicateur de personnalit\u00e9 pour le d\u00e9veloppement personnel et professionnel.<\/li>\n<\/ul>\n<\/li>\n<\/ul>\n<\/li>\n<\/ul>\n<p>Je suis \u00e9galement certifi\u00e9e <strong>Praticienne PNL<\/strong> \u00e0 l&rsquo;IFPNL. Ces techniques d&rsquo;accompagnement permettent de donner une dimension de coaching au bilan de comp\u00e9tences, pour aider \u00e0 l&rsquo;\u00e9laboration d&rsquo;un plan d&rsquo;actions et de mise en oeuvre.<\/p>\n<p>J&rsquo;utilise aussi des m\u00e9thodes vari\u00e9es en fonction du besoin de chaque personne :<\/p>\n<ul>\n<li style=\"list-style-type: none;\">\n<ul>\n<li style=\"list-style-type: none;\">\n<ul>\n<li>entretiens individuels<\/li>\n<li>tests<\/li>\n<li>grilles d&rsquo;analyse<\/li>\n<li>jeux p\u00e9dagogiques<\/li>\n<li>outils d&rsquo;aide \u00e0 la recherche d&rsquo;information.<\/li>\n<\/ul>\n<\/li>\n<\/ul>\n<\/li>\n<\/ul>\n<h3>La question de la souffrance au travail et du burnout<\/h3>\n<p>Je suis form\u00e9e \u00e9galement \u00e0 la probl\u00e9matique de la<strong> souffrance et la sant\u00e9 au travail<\/strong> de part mon cursus\u00a0 de clinicien du travail au <a href=\"http:\/\/formation.cnam.fr\/rechercher-par-discipline\/titre-rncp-niveau-i-psychologue-du-travail-686280.kjsp?RF=\" target=\"_blank\" rel=\"noopener noreferrer\">CNAM,<\/a> et notamment \u00e0 la question du <strong>burnout<\/strong>. Si vous \u00eates dans cette situation, j&rsquo;adapte ma prestation en fonction de votre situation.<\/p>\n<h3>Ma vie avant la pratique du bilan de comp\u00e9tences<\/h3>\n<ul>\n<li style=\"list-style-type: none;\">\n<ul>\n<li style=\"list-style-type: none;\">\n<ul>\n<li>Ma formation initiale : le dipl\u00f4me de l&rsquo;ESCP-Europe en 1986, compl\u00e9t\u00e9 d&rsquo;un MBA en affaires internationales<\/li>\n<li>20 ans d&rsquo;exp\u00e9rience comme cadre marketing, puis manager d&rsquo;\u00e9quipes dans l&rsquo;industrie et la banque.<\/li>\n<\/ul>\n<\/li>\n<\/ul>\n<\/li>\n<\/ul>\n<p>Je m&rsquo;appuie fortement sur ma propre exp\u00e9rience du monde du travail en tant que salari\u00e9, manager puis entrepreneur, pour faciliter votre r\u00e9flexion. Ce double cursus en entreprise puis comme consultant, sp\u00e9cialiste de l&rsquo;accompagnement, est une des forces que je peux mettre \u00e0 votre disposition.<\/p>\n<p>Pour plus de d\u00e9tails, consultez mon profil <a href=\"https:\/\/www.linkedin.com\/in\/sylviebeguin\/\" target=\"_blank\" rel=\"noopener noreferrer\">Linkedin.<\/a><\/p>\n<h3>Le centre de bilan de comp\u00e9tences Rueil<\/h3>\n<p>Situ\u00e9 en plein coeur de la ville de Rueil-Malmaison, \u00e0 700m du RER A et la zone d&rsquo;activit\u00e9s de Rueil 2000, et \u00e0 500m du centre ville. 40m\u00b2 d&rsquo;\u00e9quipements confortables, r\u00e9cemment construits, vous attendent pour un accueil et un travail de qualit\u00e9. <strong>Le centre est accessible aux personnes \u00e0 mobilit\u00e9 r\u00e9duite (PMR).<\/strong><\/p>\n<p>Nous sommes aussi abonn\u00e9s \u00e0 la base de donn\u00e9es du CIDJ, <strong><a href=\"https:\/\/www.ijbox.fr\/\" target=\"_blank\" rel=\"noopener noreferrer\">IJ BOX<\/a><\/strong>,. Cet outil permet en effet d&rsquo;avoir les derni\u00e8res mises \u00e0 jour sur l&rsquo;ensemble des m\u00e9tiers et des cursus de formation.<\/p>\n<p>Vous voulez r\u00e9aliser un bilan de comp\u00e9tences Rueil centre ? Besoin d&rsquo;informations sur la d\u00e9marche de bilan de comp\u00e9tences, <strong><span style=\"color: #800080;\"><a style=\"color: #800080;\" href=\"https:\/\/www.irisbilan.fr\/index.php\/contact\/\">contactez-moi<\/a><\/span><\/strong> pour b\u00e9n\u00e9ficier d&rsquo;un <strong>entretien pr\u00e9liminaire gratuit<\/strong>.<\/p>\n<p><a href=\"https:\/\/www.irisbilan.fr\/wp-content\/uploads\/2024\/01\/23FOR01444.1-Certificat-de-conformite.pdf\">Certificat de conformit\u00e9<\/a><\/p>\n<p><a href=\"https:\/\/www.irisbilan.fr\/wp-content\/uploads\/2025\/10\/23FOR01444.1-Attestation-de-surveillance.pdf\">Attestation de surveillance &#8211; juillet 2025<\/a><\/p>\n<p>&nbsp;<\/p>\n<p>&nbsp;<\/p>\n<p>&nbsp;<\/p>\n","protected":false},"excerpt":{"rendered":"<p>Psychologue du travail, dipl\u00f4m\u00e9e du CNAM en 2008, je pratique le bilan de comp\u00e9tences et l&rsquo;accompagnement des transitions professionnelles depuis 2006. D&rsquo;abord comme salari\u00e9e dans un cabinet de conseil en RH, puis en cr\u00e9ant ma propre structure en lib\u00e9ral en 2009. &nbsp; Mon m\u00e9tier n\u00e9cessite un programme de formation continue, garantie d&rsquo;un accompagnement de qualit\u00e9. &hellip; <\/p>\n<p class=\"link-more\"><a href=\"https:\/\/www.irisbilan.fr\/\" class=\"more-link\">Continuer la lecture<span class=\"screen-reader-text\"> de &laquo;&nbsp;Pr\u00e9sentation du centre&nbsp;&raquo;<\/span><\/a><\/p>\n","protected":false},"author":1,"featured_media":0,"parent":0,"menu_order":0,"comment_status":"closed","ping_status":"closed","template":"","meta":{"footnotes":""},"class_list":["post-61","page","type-page","status-publish","hentry"],"yoast_head":"<!-- This site is optimized with the Yoast SEO plugin v26.0 - https:\/\/yoast.com\/wordpress\/plugins\/seo\/ -->\n<title>Centre de bilan de comp\u00e9tences Rueil - Sylvie BEGUIN<\/title>\n<meta name=\"description\" content=\"Vous recherchez un centre de bilan de comp\u00e9tences \u00e0 Rueil ? Sylvie BEGUIN et IRISBILAN vous accueillent en centre ville \u00e0 700m du RER A\" \/>\n<meta name=\"robots\" content=\"index, follow, max-snippet:-1, max-image-preview:large, max-video-preview:-1\" \/>\n<link rel=\"canonical\" href=\"https:\/\/www.irisbilan.fr\/\" \/>\n<meta property=\"og:locale\" content=\"fr_FR\" \/>\n<meta property=\"og:type\" content=\"article\" \/>\n<meta property=\"og:title\" content=\"Centre de bilan de comp\u00e9tences Rueil - Sylvie BEGUIN\" \/>\n<meta property=\"og:description\" content=\"Vous recherchez un centre de bilan de comp\u00e9tences \u00e0 Rueil ? Sylvie BEGUIN et IRISBILAN vous accueillent en centre ville \u00e0 700m du RER A\" \/>\n<meta property=\"og:url\" content=\"https:\/\/www.irisbilan.fr\/\" \/>\n<meta property=\"og:site_name\" content=\"Centre de bilan de comp\u00e9tences IrisBilan\" \/>\n<meta property=\"article:publisher\" content=\"https:\/\/www.facebook.com\/beguin.sylvie\/\" \/>\n<meta property=\"article:modified_time\" content=\"2025-10-01T11:29:06+00:00\" \/>\n<meta property=\"og:image\" content=\"https:\/\/www.irisbilan.fr\/wp-content\/uploads\/2024\/01\/Logo-CBC.jpg\" \/>\n\t<meta property=\"og:image:width\" content=\"1280\" \/>\n\t<meta property=\"og:image:height\" content=\"489\" \/>\n\t<meta property=\"og:image:type\" content=\"image\/jpeg\" \/>\n<meta name=\"twitter:card\" content=\"summary_large_image\" \/>\n<meta name=\"twitter:label1\" content=\"Dur\u00e9e de lecture estim\u00e9e\" \/>\n\t<meta name=\"twitter:data1\" content=\"3 minutes\" \/>\n<script type=\"application\/ld+json\" class=\"yoast-schema-graph\">{\"@context\":\"https:\/\/schema.org\",\"@graph\":[{\"@type\":\"WebPage\",\"@id\":\"https:\/\/www.irisbilan.fr\/\",\"url\":\"https:\/\/www.irisbilan.fr\/\",\"name\":\"Centre de bilan de comp\u00e9tences Rueil - Sylvie BEGUIN\",\"isPartOf\":{\"@id\":\"https:\/\/www.irisbilan.fr\/#website\"},\"primaryImageOfPage\":{\"@id\":\"https:\/\/www.irisbilan.fr\/#primaryimage\"},\"image\":{\"@id\":\"https:\/\/www.irisbilan.fr\/#primaryimage\"},\"thumbnailUrl\":\"https:\/\/www.irisbilan.fr\/wp-content\/uploads\/2024\/01\/Logo-CBC-300x115.jpg\",\"datePublished\":\"2019-09-16T10:44:09+00:00\",\"dateModified\":\"2025-10-01T11:29:06+00:00\",\"description\":\"Vous recherchez un centre de bilan de comp\u00e9tences \u00e0 Rueil ? Sylvie BEGUIN et IRISBILAN vous accueillent en centre ville \u00e0 700m du RER A\",\"breadcrumb\":{\"@id\":\"https:\/\/www.irisbilan.fr\/#breadcrumb\"},\"inLanguage\":\"fr-FR\",\"potentialAction\":[{\"@type\":\"ReadAction\",\"target\":[\"https:\/\/www.irisbilan.fr\/\"]}]},{\"@type\":\"ImageObject\",\"inLanguage\":\"fr-FR\",\"@id\":\"https:\/\/www.irisbilan.fr\/#primaryimage\",\"url\":\"https:\/\/www.irisbilan.fr\/wp-content\/uploads\/2024\/01\/Logo-CBC.jpg\",\"contentUrl\":\"https:\/\/www.irisbilan.fr\/wp-content\/uploads\/2024\/01\/Logo-CBC.jpg\",\"width\":1280,\"height\":489},{\"@type\":\"BreadcrumbList\",\"@id\":\"https:\/\/www.irisbilan.fr\/#breadcrumb\",\"itemListElement\":[{\"@type\":\"ListItem\",\"position\":1,\"name\":\"Accueil\",\"item\":\"https:\/\/www.irisbilan.fr\/\"},{\"@type\":\"ListItem\",\"position\":2,\"name\":\"Pr\u00e9sentation du centre\"}]},{\"@type\":\"WebSite\",\"@id\":\"https:\/\/www.irisbilan.fr\/#website\",\"url\":\"https:\/\/www.irisbilan.fr\/\",\"name\":\"Centre de bilan de comp\u00e9tences IrisBilan Rueil\",\"description\":\"Une m\u00e9thode \u00e9prouv\u00e9e et adapt\u00e9e \u00e0 chaque histoire de vie professionnelle !\",\"publisher\":{\"@id\":\"https:\/\/www.irisbilan.fr\/#organization\"},\"potentialAction\":[{\"@type\":\"SearchAction\",\"target\":{\"@type\":\"EntryPoint\",\"urlTemplate\":\"https:\/\/www.irisbilan.fr\/?s={search_term_string}\"},\"query-input\":{\"@type\":\"PropertyValueSpecification\",\"valueRequired\":true,\"valueName\":\"search_term_string\"}}],\"inLanguage\":\"fr-FR\"},{\"@type\":\"Organization\",\"@id\":\"https:\/\/www.irisbilan.fr\/#organization\",\"name\":\"BEGUIN SYLVIE\",\"url\":\"https:\/\/www.irisbilan.fr\/\",\"logo\":{\"@type\":\"ImageObject\",\"inLanguage\":\"fr-FR\",\"@id\":\"https:\/\/www.irisbilan.fr\/#\/schema\/logo\/image\/\",\"url\":\"https:\/\/www.irisbilan.fr\/wp-content\/uploads\/2019\/09\/cropped-IRIS-PETIT.jpg\",\"contentUrl\":\"https:\/\/www.irisbilan.fr\/wp-content\/uploads\/2019\/09\/cropped-IRIS-PETIT.jpg\",\"width\":240,\"height\":98,\"caption\":\"BEGUIN SYLVIE\"},\"image\":{\"@id\":\"https:\/\/www.irisbilan.fr\/#\/schema\/logo\/image\/\"},\"sameAs\":[\"https:\/\/www.facebook.com\/beguin.sylvie\/\",\"https:\/\/www.linkedin.com\/showcase\/11126319\"]}]}<\/script>\n<!-- \/ Yoast SEO plugin. -->","yoast_head_json":{"title":"Centre de bilan de comp\u00e9tences Rueil - Sylvie BEGUIN","description":"Vous recherchez un centre de bilan de comp\u00e9tences \u00e0 Rueil ? Sylvie BEGUIN et IRISBILAN vous accueillent en centre ville \u00e0 700m du RER A","robots":{"index":"index","follow":"follow","max-snippet":"max-snippet:-1","max-image-preview":"max-image-preview:large","max-video-preview":"max-video-preview:-1"},"canonical":"https:\/\/www.irisbilan.fr\/","og_locale":"fr_FR","og_type":"article","og_title":"Centre de bilan de comp\u00e9tences Rueil - Sylvie BEGUIN","og_description":"Vous recherchez un centre de bilan de comp\u00e9tences \u00e0 Rueil ? Sylvie BEGUIN et IRISBILAN vous accueillent en centre ville \u00e0 700m du RER A","og_url":"https:\/\/www.irisbilan.fr\/","og_site_name":"Centre de bilan de comp\u00e9tences IrisBilan","article_publisher":"https:\/\/www.facebook.com\/beguin.sylvie\/","article_modified_time":"2025-10-01T11:29:06+00:00","og_image":[{"width":1280,"height":489,"url":"https:\/\/www.irisbilan.fr\/wp-content\/uploads\/2024\/01\/Logo-CBC.jpg","type":"image\/jpeg"}],"twitter_card":"summary_large_image","twitter_misc":{"Dur\u00e9e de lecture estim\u00e9e":"3 minutes"},"schema":{"@context":"https:\/\/schema.org","@graph":[{"@type":"WebPage","@id":"https:\/\/www.irisbilan.fr\/","url":"https:\/\/www.irisbilan.fr\/","name":"Centre de bilan de comp\u00e9tences Rueil - Sylvie BEGUIN","isPartOf":{"@id":"https:\/\/www.irisbilan.fr\/#website"},"primaryImageOfPage":{"@id":"https:\/\/www.irisbilan.fr\/#primaryimage"},"image":{"@id":"https:\/\/www.irisbilan.fr\/#primaryimage"},"thumbnailUrl":"https:\/\/www.irisbilan.fr\/wp-content\/uploads\/2024\/01\/Logo-CBC-300x115.jpg","datePublished":"2019-09-16T10:44:09+00:00","dateModified":"2025-10-01T11:29:06+00:00","description":"Vous recherchez un centre de bilan de comp\u00e9tences \u00e0 Rueil ? Sylvie BEGUIN et IRISBILAN vous accueillent en centre ville \u00e0 700m du RER A","breadcrumb":{"@id":"https:\/\/www.irisbilan.fr\/#breadcrumb"},"inLanguage":"fr-FR","potentialAction":[{"@type":"ReadAction","target":["https:\/\/www.irisbilan.fr\/"]}]},{"@type":"ImageObject","inLanguage":"fr-FR","@id":"https:\/\/www.irisbilan.fr\/#primaryimage","url":"https:\/\/www.irisbilan.fr\/wp-content\/uploads\/2024\/01\/Logo-CBC.jpg","contentUrl":"https:\/\/www.irisbilan.fr\/wp-content\/uploads\/2024\/01\/Logo-CBC.jpg","width":1280,"height":489},{"@type":"BreadcrumbList","@id":"https:\/\/www.irisbilan.fr\/#breadcrumb","itemListElement":[{"@type":"ListItem","position":1,"name":"Accueil","item":"https:\/\/www.irisbilan.fr\/"},{"@type":"ListItem","position":2,"name":"Pr\u00e9sentation du centre"}]},{"@type":"WebSite","@id":"https:\/\/www.irisbilan.fr\/#website","url":"https:\/\/www.irisbilan.fr\/","name":"Centre de bilan de comp\u00e9tences IrisBilan Rueil","description":"Une m\u00e9thode \u00e9prouv\u00e9e et adapt\u00e9e \u00e0 chaque histoire de vie professionnelle !","publisher":{"@id":"https:\/\/www.irisbilan.fr\/#organization"},"potentialAction":[{"@type":"SearchAction","target":{"@type":"EntryPoint","urlTemplate":"https:\/\/www.irisbilan.fr\/?s={search_term_string}"},"query-input":{"@type":"PropertyValueSpecification","valueRequired":true,"valueName":"search_term_string"}}],"inLanguage":"fr-FR"},{"@type":"Organization","@id":"https:\/\/www.irisbilan.fr\/#organization","name":"BEGUIN SYLVIE","url":"https:\/\/www.irisbilan.fr\/","logo":{"@type":"ImageObject","inLanguage":"fr-FR","@id":"https:\/\/www.irisbilan.fr\/#\/schema\/logo\/image\/","url":"https:\/\/www.irisbilan.fr\/wp-content\/uploads\/2019\/09\/cropped-IRIS-PETIT.jpg","contentUrl":"https:\/\/www.irisbilan.fr\/wp-content\/uploads\/2019\/09\/cropped-IRIS-PETIT.jpg","width":240,"height":98,"caption":"BEGUIN SYLVIE"},"image":{"@id":"https:\/\/www.irisbilan.fr\/#\/schema\/logo\/image\/"},"sameAs":["https:\/\/www.facebook.com\/beguin.sylvie\/","https:\/\/www.linkedin.com\/showcase\/11126319"]}]}},"_links":{"self":[{"href":"https:\/\/www.irisbilan.fr\/index.php\/wp-json\/wp\/v2\/pages\/61","targetHints":{"allow":["GET"]}}],"collection":[{"href":"https:\/\/www.irisbilan.fr\/index.php\/wp-json\/wp\/v2\/pages"}],"about":[{"href":"https:\/\/www.irisbilan.fr\/index.php\/wp-json\/wp\/v2\/types\/page"}],"author":[{"embeddable":true,"href":"https:\/\/www.irisbilan.fr\/index.php\/wp-json\/wp\/v2\/users\/1"}],"replies":[{"embeddable":true,"href":"https:\/\/www.irisbilan.fr\/index.php\/wp-json\/wp\/v2\/comments?post=61"}],"version-history":[{"count":53,"href":"https:\/\/www.irisbilan.fr\/index.php\/wp-json\/wp\/v2\/pages\/61\/revisions"}],"predecessor-version":[{"id":492446,"href":"https:\/\/www.irisbilan.fr\/index.php\/wp-json\/wp\/v2\/pages\/61\/revisions\/492446"}],"wp:attachment":[{"href":"https:\/\/www.irisbilan.fr\/index.php\/wp-json\/wp\/v2\/media?parent=61"}],"curies":[{"name":"wp","href":"https:\/\/api.w.org\/{rel}","templated":true}]}}