{"id":61565,"date":"2022-04-20T17:28:23","date_gmt":"2022-04-20T15:28:23","guid":{"rendered":"https:\/\/www.irisbilan.fr\/?page_id=61565"},"modified":"2025-07-18T15:58:50","modified_gmt":"2025-07-18T13:58:50","slug":"indicateurs-de-resultat-du-centre","status":"publish","type":"page","link":"https:\/\/www.irisbilan.fr\/index.php\/indicateurs-de-resultat-du-centre\/","title":{"rendered":"Indicateurs de r\u00e9sultat du Centre"},"content":{"rendered":"<p>A fin juin 2025, notre centre obtient les r\u00e9sultats suivants :<\/p>\n<ul>\n<li>taux de satisfaction des b\u00e9n\u00e9ficiaires par rapport \u00e0 leur bilan, mesur\u00e9 par le questionnaire d&rsquo;appr\u00e9ciation :\n<ul>\n<li>en fin de bilan de comp\u00e9tences : <strong>9.38<\/strong><strong>\u00a0sur 10<\/strong><\/li>\n<li>\u00e0 6 mois : <strong>9.07 sur 10<\/strong><\/li>\n<\/ul>\n<\/li>\n<li>nombre de b\u00e9n\u00e9ficiaires en d\u00e9but de bilan et en fin de bilan (centre ouvert depuis mars 2020) : 100 soit 0% d&rsquo;abandon et 99% des entretiens r\u00e9alis\u00e9s<\/li>\n<li>taux de r\u00e9alisation des entretiens \u00e0 6 mois : 100% de rendez-vous propos\u00e9s, 73% r\u00e9alis\u00e9s (27% des b\u00e9n\u00e9ficiaires n&rsquo;ont pas souhait\u00e9 r\u00e9aliser cet entretien)<\/li>\n<li>Nombre moyen d&rsquo;enqu\u00eates m\u00e9tiers r\u00e9alis\u00e9s par les b\u00e9n\u00e9ficiaires :\u00a0 4 interviews m\u00e9tiers.<\/li>\n<\/ul>\n<p>Pour avoir les appr\u00e9ciations des b\u00e9n\u00e9ficiaires sur le <strong>CPF<\/strong>, n&rsquo;h\u00e9sitez pas \u00e0 consulter les<strong> <span style=\"color: #993366;\"><a style=\"color: #993366;\" href=\"https:\/\/www.moncompteformation.gouv.fr\/espace-prive\/html\/#\/formation\/recherche\/modalite\/localite\/resultats?q=%7B%22ou%22:%7B%22modality%22:%22EN_CENTRE_MIXTE%22,%22type%22:%22CP%22,%22ville%22:%7B%22nom%22:%22RUEIL%20MALMAISON%22,%22codePostal%22:%2292500%22,%22codeInsee%22:%2292063%22,%22coordonnee%22:%7B%22longitude%22:2.1777434,%22latitude%22:48.869442%7D,%22eligibleCpf%22:true%7D%7D,%22debutPagination%22:1,%22nombreOccurences%22:6,%22quoiReferentiel%22:%7B%22code%22:%2215081%22,%22libelle%22:%22BILAN%20COMPETENCES%22,%22publics%22:%5B%22GD_PUBLIC%22%5D,%22type%22:%22FORMACODE%22%7D,%22quoi%22:null,%22certifications%22:null,%22contexteFormation%22:%22ACTIVITE_PROFESSIONNELLE%22,%22distance%22:5,%22nomOrganisme%22:%22BEGUIN%20SYLVIE%22,%22conformiteReglementaire%22:null,%22endDate%22:null,%22startDate%22:null,%22evaluation%22:null,%22niveauSortie%22:null,%22prix%22:null,%22rythme%22:null,%22onlyWithAbondementsEligibles%22:false,%22durationHours%22:null%7D\" target=\"_blank\" rel=\"noopener\">avis clients<\/a><\/span> <\/strong>!<\/p>\n","protected":false},"excerpt":{"rendered":"<p>A fin juin 2025, notre centre obtient les r\u00e9sultats suivants : taux de satisfaction des b\u00e9n\u00e9ficiaires par rapport \u00e0 leur bilan, mesur\u00e9 par le questionnaire d&rsquo;appr\u00e9ciation : en fin de bilan de comp\u00e9tences : 9.38\u00a0sur 10 \u00e0 6 mois : 9.07 sur 10 nombre de b\u00e9n\u00e9ficiaires en d\u00e9but de bilan et en fin de bilan &hellip; <\/p>\n<p class=\"link-more\"><a href=\"https:\/\/www.irisbilan.fr\/index.php\/indicateurs-de-resultat-du-centre\/\" class=\"more-link\">Continuer la lecture<span class=\"screen-reader-text\"> de &laquo;&nbsp;Indicateurs de r\u00e9sultat du Centre&nbsp;&raquo;<\/span><\/a><\/p>\n","protected":false},"author":1,"featured_media":0,"parent":0,"menu_order":0,"comment_status":"closed","ping_status":"closed","template":"","meta":{"footnotes":""},"class_list":["post-61565","page","type-page","status-publish","hentry"],"yoast_head":"<!-- This site is optimized with the Yoast SEO plugin v26.0 - https:\/\/yoast.com\/wordpress\/plugins\/seo\/ -->\n<title>Indicateurs de r\u00e9sultat du Centre - Centre de bilan de comp\u00e9tences IrisBilan<\/title>\n<meta name=\"robots\" content=\"index, follow, max-snippet:-1, max-image-preview:large, max-video-preview:-1\" \/>\n<link rel=\"canonical\" href=\"https:\/\/www.irisbilan.fr\/index.php\/indicateurs-de-resultat-du-centre\/\" \/>\n<meta property=\"og:locale\" content=\"fr_FR\" \/>\n<meta property=\"og:type\" content=\"article\" \/>\n<meta property=\"og:title\" content=\"Indicateurs de r\u00e9sultat du Centre - Centre de bilan de comp\u00e9tences IrisBilan\" \/>\n<meta property=\"og:description\" content=\"A fin juin 2025, notre centre obtient les r\u00e9sultats suivants : taux de satisfaction des b\u00e9n\u00e9ficiaires par rapport \u00e0 leur bilan, mesur\u00e9 par le questionnaire d&rsquo;appr\u00e9ciation : en fin de bilan de comp\u00e9tences : 9.38\u00a0sur 10 \u00e0 6 mois : 9.07 sur 10 nombre de b\u00e9n\u00e9ficiaires en d\u00e9but de bilan et en fin de bilan &hellip; Continuer la lecture de &laquo;&nbsp;Indicateurs de r\u00e9sultat du Centre&nbsp;&raquo;\" \/>\n<meta property=\"og:url\" content=\"https:\/\/www.irisbilan.fr\/index.php\/indicateurs-de-resultat-du-centre\/\" \/>\n<meta property=\"og:site_name\" content=\"Centre de bilan de comp\u00e9tences IrisBilan\" \/>\n<meta property=\"article:publisher\" content=\"https:\/\/www.facebook.com\/beguin.sylvie\/\" \/>\n<meta property=\"article:modified_time\" content=\"2025-07-18T13:58:50+00:00\" \/>\n<meta name=\"twitter:card\" content=\"summary_large_image\" \/>\n<meta name=\"twitter:label1\" content=\"Dur\u00e9e de lecture estim\u00e9e\" \/>\n\t<meta name=\"twitter:data1\" content=\"1 minute\" \/>\n<script type=\"application\/ld+json\" class=\"yoast-schema-graph\">{\"@context\":\"https:\/\/schema.org\",\"@graph\":[{\"@type\":\"WebPage\",\"@id\":\"https:\/\/www.irisbilan.fr\/index.php\/indicateurs-de-resultat-du-centre\/\",\"url\":\"https:\/\/www.irisbilan.fr\/index.php\/indicateurs-de-resultat-du-centre\/\",\"name\":\"Indicateurs de r\u00e9sultat du Centre - Centre de bilan de comp\u00e9tences IrisBilan\",\"isPartOf\":{\"@id\":\"https:\/\/www.irisbilan.fr\/#website\"},\"datePublished\":\"2022-04-20T15:28:23+00:00\",\"dateModified\":\"2025-07-18T13:58:50+00:00\",\"breadcrumb\":{\"@id\":\"https:\/\/www.irisbilan.fr\/index.php\/indicateurs-de-resultat-du-centre\/#breadcrumb\"},\"inLanguage\":\"fr-FR\",\"potentialAction\":[{\"@type\":\"ReadAction\",\"target\":[\"https:\/\/www.irisbilan.fr\/index.php\/indicateurs-de-resultat-du-centre\/\"]}]},{\"@type\":\"BreadcrumbList\",\"@id\":\"https:\/\/www.irisbilan.fr\/index.php\/indicateurs-de-resultat-du-centre\/#breadcrumb\",\"itemListElement\":[{\"@type\":\"ListItem\",\"position\":1,\"name\":\"Accueil\",\"item\":\"https:\/\/www.irisbilan.fr\/\"},{\"@type\":\"ListItem\",\"position\":2,\"name\":\"Indicateurs de r\u00e9sultat du Centre\"}]},{\"@type\":\"WebSite\",\"@id\":\"https:\/\/www.irisbilan.fr\/#website\",\"url\":\"https:\/\/www.irisbilan.fr\/\",\"name\":\"Centre de bilan de comp\u00e9tences IrisBilan Rueil\",\"description\":\"Une m\u00e9thode \u00e9prouv\u00e9e et adapt\u00e9e \u00e0 chaque histoire de vie professionnelle !\",\"publisher\":{\"@id\":\"https:\/\/www.irisbilan.fr\/#organization\"},\"potentialAction\":[{\"@type\":\"SearchAction\",\"target\":{\"@type\":\"EntryPoint\",\"urlTemplate\":\"https:\/\/www.irisbilan.fr\/?s={search_term_string}\"},\"query-input\":{\"@type\":\"PropertyValueSpecification\",\"valueRequired\":true,\"valueName\":\"search_term_string\"}}],\"inLanguage\":\"fr-FR\"},{\"@type\":\"Organization\",\"@id\":\"https:\/\/www.irisbilan.fr\/#organization\",\"name\":\"BEGUIN SYLVIE\",\"url\":\"https:\/\/www.irisbilan.fr\/\",\"logo\":{\"@type\":\"ImageObject\",\"inLanguage\":\"fr-FR\",\"@id\":\"https:\/\/www.irisbilan.fr\/#\/schema\/logo\/image\/\",\"url\":\"https:\/\/www.irisbilan.fr\/wp-content\/uploads\/2019\/09\/cropped-IRIS-PETIT.jpg\",\"contentUrl\":\"https:\/\/www.irisbilan.fr\/wp-content\/uploads\/2019\/09\/cropped-IRIS-PETIT.jpg\",\"width\":240,\"height\":98,\"caption\":\"BEGUIN SYLVIE\"},\"image\":{\"@id\":\"https:\/\/www.irisbilan.fr\/#\/schema\/logo\/image\/\"},\"sameAs\":[\"https:\/\/www.facebook.com\/beguin.sylvie\/\",\"https:\/\/www.linkedin.com\/showcase\/11126319\"]}]}<\/script>\n<!-- \/ Yoast SEO plugin. -->","yoast_head_json":{"title":"Indicateurs de r\u00e9sultat du Centre - Centre de bilan de comp\u00e9tences IrisBilan","robots":{"index":"index","follow":"follow","max-snippet":"max-snippet:-1","max-image-preview":"max-image-preview:large","max-video-preview":"max-video-preview:-1"},"canonical":"https:\/\/www.irisbilan.fr\/index.php\/indicateurs-de-resultat-du-centre\/","og_locale":"fr_FR","og_type":"article","og_title":"Indicateurs de r\u00e9sultat du Centre - Centre de bilan de comp\u00e9tences IrisBilan","og_description":"A fin juin 2025, notre centre obtient les r\u00e9sultats suivants : taux de satisfaction des b\u00e9n\u00e9ficiaires par rapport \u00e0 leur bilan, mesur\u00e9 par le questionnaire d&rsquo;appr\u00e9ciation : en fin de bilan de comp\u00e9tences : 9.38\u00a0sur 10 \u00e0 6 mois : 9.07 sur 10 nombre de b\u00e9n\u00e9ficiaires en d\u00e9but de bilan et en fin de bilan &hellip; Continuer la lecture de &laquo;&nbsp;Indicateurs de r\u00e9sultat du Centre&nbsp;&raquo;","og_url":"https:\/\/www.irisbilan.fr\/index.php\/indicateurs-de-resultat-du-centre\/","og_site_name":"Centre de bilan de comp\u00e9tences IrisBilan","article_publisher":"https:\/\/www.facebook.com\/beguin.sylvie\/","article_modified_time":"2025-07-18T13:58:50+00:00","twitter_card":"summary_large_image","twitter_misc":{"Dur\u00e9e de lecture estim\u00e9e":"1 minute"},"schema":{"@context":"https:\/\/schema.org","@graph":[{"@type":"WebPage","@id":"https:\/\/www.irisbilan.fr\/index.php\/indicateurs-de-resultat-du-centre\/","url":"https:\/\/www.irisbilan.fr\/index.php\/indicateurs-de-resultat-du-centre\/","name":"Indicateurs de r\u00e9sultat du Centre - Centre de bilan de comp\u00e9tences IrisBilan","isPartOf":{"@id":"https:\/\/www.irisbilan.fr\/#website"},"datePublished":"2022-04-20T15:28:23+00:00","dateModified":"2025-07-18T13:58:50+00:00","breadcrumb":{"@id":"https:\/\/www.irisbilan.fr\/index.php\/indicateurs-de-resultat-du-centre\/#breadcrumb"},"inLanguage":"fr-FR","potentialAction":[{"@type":"ReadAction","target":["https:\/\/www.irisbilan.fr\/index.php\/indicateurs-de-resultat-du-centre\/"]}]},{"@type":"BreadcrumbList","@id":"https:\/\/www.irisbilan.fr\/index.php\/indicateurs-de-resultat-du-centre\/#breadcrumb","itemListElement":[{"@type":"ListItem","position":1,"name":"Accueil","item":"https:\/\/www.irisbilan.fr\/"},{"@type":"ListItem","position":2,"name":"Indicateurs de r\u00e9sultat du Centre"}]},{"@type":"WebSite","@id":"https:\/\/www.irisbilan.fr\/#website","url":"https:\/\/www.irisbilan.fr\/","name":"Centre de bilan de comp\u00e9tences IrisBilan Rueil","description":"Une m\u00e9thode \u00e9prouv\u00e9e et adapt\u00e9e \u00e0 chaque histoire de vie professionnelle !","publisher":{"@id":"https:\/\/www.irisbilan.fr\/#organization"},"potentialAction":[{"@type":"SearchAction","target":{"@type":"EntryPoint","urlTemplate":"https:\/\/www.irisbilan.fr\/?s={search_term_string}"},"query-input":{"@type":"PropertyValueSpecification","valueRequired":true,"valueName":"search_term_string"}}],"inLanguage":"fr-FR"},{"@type":"Organization","@id":"https:\/\/www.irisbilan.fr\/#organization","name":"BEGUIN SYLVIE","url":"https:\/\/www.irisbilan.fr\/","logo":{"@type":"ImageObject","inLanguage":"fr-FR","@id":"https:\/\/www.irisbilan.fr\/#\/schema\/logo\/image\/","url":"https:\/\/www.irisbilan.fr\/wp-content\/uploads\/2019\/09\/cropped-IRIS-PETIT.jpg","contentUrl":"https:\/\/www.irisbilan.fr\/wp-content\/uploads\/2019\/09\/cropped-IRIS-PETIT.jpg","width":240,"height":98,"caption":"BEGUIN SYLVIE"},"image":{"@id":"https:\/\/www.irisbilan.fr\/#\/schema\/logo\/image\/"},"sameAs":["https:\/\/www.facebook.com\/beguin.sylvie\/","https:\/\/www.linkedin.com\/showcase\/11126319"]}]}},"_links":{"self":[{"href":"https:\/\/www.irisbilan.fr\/index.php\/wp-json\/wp\/v2\/pages\/61565","targetHints":{"allow":["GET"]}}],"collection":[{"href":"https:\/\/www.irisbilan.fr\/index.php\/wp-json\/wp\/v2\/pages"}],"about":[{"href":"https:\/\/www.irisbilan.fr\/index.php\/wp-json\/wp\/v2\/types\/page"}],"author":[{"embeddable":true,"href":"https:\/\/www.irisbilan.fr\/index.php\/wp-json\/wp\/v2\/users\/1"}],"replies":[{"embeddable":true,"href":"https:\/\/www.irisbilan.fr\/index.php\/wp-json\/wp\/v2\/comments?post=61565"}],"version-history":[{"count":13,"href":"https:\/\/www.irisbilan.fr\/index.php\/wp-json\/wp\/v2\/pages\/61565\/revisions"}],"predecessor-version":[{"id":482113,"href":"https:\/\/www.irisbilan.fr\/index.php\/wp-json\/wp\/v2\/pages\/61565\/revisions\/482113"}],"wp:attachment":[{"href":"https:\/\/www.irisbilan.fr\/index.php\/wp-json\/wp\/v2\/media?parent=61565"}],"curies":[{"name":"wp","href":"https:\/\/api.w.org\/{rel}","templated":true}]}}